{"id":329,"date":"2026-02-07T15:46:23","date_gmt":"2026-02-07T14:46:23","guid":{"rendered":"https:\/\/www.kmmedia.sk\/?page_id=329"},"modified":"2026-02-07T16:53:21","modified_gmt":"2026-02-07T15:53:21","slug":"domov","status":"publish","type":"page","link":"https:\/\/www.kmmedia.sk\/","title":{"rendered":"Domov"},"content":{"rendered":"\t\t<div data-elementor-type=\"wp-page\" data-elementor-id=\"329\" class=\"elementor elementor-329\">\n\t\t\t\t<div class=\"elementor-element elementor-element-d99b408 e-flex e-con-boxed e-con e-parent\" data-id=\"d99b408\" data-element_type=\"container\" data-e-type=\"container\" data-settings=\"{&quot;background_background&quot;:&quot;classic&quot;}\">\n\t\t\t\t\t<div class=\"e-con-inner\">\n\t\t<div class=\"elementor-element elementor-element-eb9c786 e-con-full e-flex e-con e-child\" data-id=\"eb9c786\" data-element_type=\"container\" data-e-type=\"container\">\n\t\t\t\t<div class=\"elementor-element elementor-element-49d843a elementor-widget elementor-widget-heading\" data-id=\"49d843a\" data-element_type=\"widget\" data-e-type=\"widget\" data-widget_type=\"heading.default\">\n\t\t\t\t\t<h2 class=\"elementor-heading-title elementor-size-default\">Na\u0161e spolo\u010dnosti<\/h2>\t\t\t\t<\/div>\n\t\t\t\t<div class=\"elementor-element elementor-element-1a15ae5 elementor-widget-divider--view-line elementor-widget elementor-widget-divider\" data-id=\"1a15ae5\" data-element_type=\"widget\" data-e-type=\"widget\" data-widget_type=\"divider.default\">\n\t\t\t\t\t\t\t<div class=\"elementor-divider\">\n\t\t\t<span class=\"elementor-divider-separator\">\n\t\t\t\t\t\t<\/span>\n\t\t<\/div>\n\t\t\t\t\t\t<\/div>\n\t\t\t\t<div class=\"elementor-element elementor-element-a42e8b7 elementor-widget elementor-widget-text-editor\" data-id=\"a42e8b7\" data-element_type=\"widget\" data-e-type=\"widget\" data-widget_type=\"text-editor.default\">\n\t\t\t\t\t\t\t\t\t<p><strong>2009 \u2022 4 zna\u010dky \u2022 3 trhy \u2022 zdravotn\u00edctvo &amp; bezpe\u010dnos\u0165<\/strong><\/p>\t\t\t\t\t\t\t\t<\/div>\n\t\t\t\t<div class=\"elementor-element elementor-element-3a76f0d elementor-widget elementor-widget-text-editor\" data-id=\"3a76f0d\" data-element_type=\"widget\" data-e-type=\"widget\" data-widget_type=\"text-editor.default\">\n\t\t\t\t\t\t\t\t\t<p>Pon\u00fakame v\u0161estrann\u00fd sortiment produktov pre profesion\u00e1lne a prev\u00e1dzkov\u00e9 vyu\u017eitie. Od vzniku v roku 2009 sa firma stala l\u00eddrom medzi dod\u00e1vate\u013emi pre s\u00fakromn\u00e9 a \u0161t\u00e1tne nemocnice, polikliniky, lek\u00e1rne, univerzity, domovy d\u00f4chodcov, z\u00e1chrann\u00e9 zlo\u017eky, arm\u00e1du a in\u00e9 odvetvia.<\/p>\t\t\t\t\t\t\t\t<\/div>\n\t\t\t\t<\/div>\n\t\t<div class=\"elementor-element elementor-element-c0bce82 e-con-full e-flex e-con e-child\" data-id=\"c0bce82\" data-element_type=\"container\" data-e-type=\"container\">\n\t\t\t\t<div class=\"elementor-element elementor-element-154eccc elementor-icon-list--layout-traditional elementor-list-item-link-full_width elementor-widget elementor-widget-icon-list\" data-id=\"154eccc\" data-element_type=\"widget\" data-e-type=\"widget\" data-widget_type=\"icon-list.default\">\n\t\t\t\t\t\t\t<ul class=\"elementor-icon-list-items\">\n\t\t\t\t\t\t\t<li class=\"elementor-icon-list-item\">\n\t\t\t\t\t\t\t\t\t\t\t<span class=\"elementor-icon-list-icon\">\n\t\t\t\t\t\t\t<svg aria-hidden=\"true\" class=\"e-font-icon-svg e-fas-dot-circle\" viewBox=\"0 0 512 512\" xmlns=\"http:\/\/www.w3.org\/2000\/svg\"><path d=\"M256 8C119.033 8 8 119.033 8 256s111.033 248 248 248 248-111.033 248-248S392.967 8 256 8zm80 248c0 44.112-35.888 80-80 80s-80-35.888-80-80 35.888-80 80-80 80 35.888 80 80z\"><\/path><\/svg>\t\t\t\t\t\t<\/span>\n\t\t\t\t\t\t\t\t\t\t<span class=\"elementor-icon-list-text\">Zdravotn\u00edcka div\u00edzia<\/span>\n\t\t\t\t\t\t\t\t\t<\/li>\n\t\t\t\t\t\t<\/ul>\n\t\t\t\t\t\t<\/div>\n\t\t\t\t<\/div>\n\t\t<div class=\"elementor-element elementor-element-7e237e7 e-con-full e-flex e-con e-child\" data-id=\"7e237e7\" data-element_type=\"container\" data-e-type=\"container\">\n\t\t<div class=\"elementor-element elementor-element-a03081f e-con-full km-card e-flex e-con e-child\" data-id=\"a03081f\" data-element_type=\"container\" data-e-type=\"container\" data-settings=\"{&quot;background_background&quot;:&quot;classic&quot;,&quot;animation&quot;:&quot;none&quot;}\">\n\t\t\t\t<div class=\"elementor-element elementor-element-811026f elementor-widget elementor-widget-image\" data-id=\"811026f\" data-element_type=\"widget\" data-e-type=\"widget\" data-widget_type=\"image.default\">\n\t\t\t\t\t\t\t\t\t\t\t\t\t\t\t<img decoding=\"async\" src=\"https:\/\/www.kmmedia.sk\/wp-content\/uploads\/elementor\/thumbs\/imedical.sk_-1-qm2ltyenfk2nbvk680xeezenaxvvj3rmacvazsemv6.png\" title=\"imedical.sk\" alt=\"imedical.sk\" loading=\"lazy\" \/>\t\t\t\t\t\t\t\t\t\t\t\t\t\t\t<\/div>\n\t\t\t\t<div class=\"elementor-element elementor-element-585fa02 elementor-widget elementor-widget-text-editor\" data-id=\"585fa02\" data-element_type=\"widget\" data-e-type=\"widget\" data-widget_type=\"text-editor.default\">\n\t\t\t\t\t\t\t\t\tInternetov\u00fd port\u00e1l zaoberaj\u00faci sa predajom a v\u00fdrobou jednorazov\u00e9ho zdravotn\u00edckeho materi\u00e1lu, zdravotn\u00edckeho vybavenia, pr\u00edstrojov a distrib\u00faciou zdravotn\u00e9ho materi\u00e1lu.\t\t\t\t\t\t\t\t<\/div>\n\t\t\t\t<div class=\"elementor-element elementor-element-20b1e36 km-link elementor-widget elementor-widget-text-editor\" data-id=\"20b1e36\" data-element_type=\"widget\" data-e-type=\"widget\" data-widget_type=\"text-editor.default\">\n\t\t\t\t\t\t\t\t\t<p><a href=\"https:\/\/imedical.sk\/\" target=\"_blank\" rel=\"noopener\">Prejs\u0165 na web \u2192<\/a><\/p>\t\t\t\t\t\t\t\t<\/div>\n\t\t\t\t<\/div>\n\t\t<div class=\"elementor-element elementor-element-c205002 e-con-full km-card e-flex e-con e-child\" data-id=\"c205002\" data-element_type=\"container\" data-e-type=\"container\" data-settings=\"{&quot;background_background&quot;:&quot;classic&quot;}\">\n\t\t\t\t<div class=\"elementor-element elementor-element-600987b elementor-widget elementor-widget-image\" data-id=\"600987b\" data-element_type=\"widget\" data-e-type=\"widget\" data-widget_type=\"image.default\">\n\t\t\t\t\t\t\t\t\t\t\t\t\t\t\t<img decoding=\"async\" src=\"https:\/\/www.kmmedia.sk\/wp-content\/uploads\/elementor\/thumbs\/imedical.cz_-qm2mfr9vy7x2m9w3wy6vqzcjbofd2dbhm9lqpu2wjm.png\" title=\"imedical.cz\" alt=\"imedical.cz\" loading=\"lazy\" \/>\t\t\t\t\t\t\t\t\t\t\t\t\t\t\t<\/div>\n\t\t\t\t<div class=\"elementor-element elementor-element-650e7e1 elementor-widget elementor-widget-text-editor\" data-id=\"650e7e1\" data-element_type=\"widget\" data-e-type=\"widget\" data-widget_type=\"text-editor.default\">\n\t\t\t\t\t\t\t\t\t<p>P\u00f4sob\u00edme aj na \u010deskom trhu, kde pon\u00fakame sortiment s\u00fakromn\u00fdm a \u0161t\u00e1tnym nemocniciam, poliklinik\u00e1m, laborat\u00f3ri\u00e1m, ambulanci\u00e1m, z\u00e1chrann\u00fdm zlo\u017ek\u00e1m, arm\u00e1de a univerzit\u00e1m.<\/p>\t\t\t\t\t\t\t\t<\/div>\n\t\t\t\t<div class=\"elementor-element elementor-element-1766acc km-link elementor-widget elementor-widget-text-editor\" data-id=\"1766acc\" data-element_type=\"widget\" data-e-type=\"widget\" data-widget_type=\"text-editor.default\">\n\t\t\t\t\t\t\t\t\t<p><a href=\"https:\/\/imedical.cz\/\" target=\"_blank\" rel=\"noopener\">Prejs\u0165 na web \u2192<\/a><\/p>\t\t\t\t\t\t\t\t<\/div>\n\t\t\t\t<\/div>\n\t\t<div class=\"elementor-element elementor-element-27dccdd e-con-full km-card e-flex e-con e-child\" data-id=\"27dccdd\" data-element_type=\"container\" data-e-type=\"container\" data-settings=\"{&quot;background_background&quot;:&quot;classic&quot;}\">\n\t\t\t\t<div class=\"elementor-element elementor-element-f51a74d elementor-widget elementor-widget-image\" data-id=\"f51a74d\" data-element_type=\"widget\" data-e-type=\"widget\" data-widget_type=\"image.default\">\n\t\t\t\t\t\t\t\t\t\t\t\t\t\t\t<img decoding=\"async\" src=\"https:\/\/www.kmmedia.sk\/wp-content\/uploads\/elementor\/thumbs\/imedoo.pl_-rit4w28003gsbav18szstfmvlq7jdtpo1fvhfpkj7u.png\" title=\"imedoo.pl\" alt=\"imedoo.pl\" loading=\"lazy\" \/>\t\t\t\t\t\t\t\t\t\t\t\t\t\t\t<\/div>\n\t\t\t\t<div class=\"elementor-element elementor-element-e913703 elementor-widget elementor-widget-text-editor\" data-id=\"e913703\" data-element_type=\"widget\" data-e-type=\"widget\" data-widget_type=\"text-editor.default\">\n\t\t\t\t\t\t\t\t\t<p>Zastre\u0161ujeme predaj a distrib\u00faciu zdravotn\u00edckeho materi\u00e1lu, pr\u00edstrojov a vybavenia pre profesion\u00e1lnych z\u00e1kazn\u00edkov p\u00f4sobiacich na po\u013eskom trhu.<\/p>\t\t\t\t\t\t\t\t<\/div>\n\t\t\t\t<div class=\"elementor-element elementor-element-20c01fb km-link elementor-widget elementor-widget-text-editor\" data-id=\"20c01fb\" data-element_type=\"widget\" data-e-type=\"widget\" data-widget_type=\"text-editor.default\">\n\t\t\t\t\t\t\t\t\t<p><a href=\"http:\/\/imedoo.pl\/\" target=\"_blank\" rel=\"noopener\">Prejs\u0165 na web \u2192<\/a><\/p>\t\t\t\t\t\t\t\t<\/div>\n\t\t\t\t<\/div>\n\t\t\t\t<\/div>\n\t\t<div class=\"elementor-element elementor-element-4d07f6d e-con-full e-flex e-con e-child\" data-id=\"4d07f6d\" data-element_type=\"container\" data-e-type=\"container\">\n\t\t<div class=\"elementor-element elementor-element-e0cd3dc e-con-full km-card e-flex e-con e-child\" data-id=\"e0cd3dc\" data-element_type=\"container\" data-e-type=\"container\" data-settings=\"{&quot;background_background&quot;:&quot;classic&quot;,&quot;animation&quot;:&quot;none&quot;}\">\n\t\t\t\t<div class=\"elementor-element elementor-element-ec0bf2c elementor-widget elementor-widget-image\" data-id=\"ec0bf2c\" data-element_type=\"widget\" data-e-type=\"widget\" data-widget_type=\"image.default\">\n\t\t\t\t\t\t\t\t\t\t\t\t\t\t\t<img decoding=\"async\" src=\"https:\/\/www.kmmedia.sk\/wp-content\/uploads\/elementor\/thumbs\/kmmedical.sk_-qm2mg5dgsqgdgfbmmmaaadsg8ghv9tvgo7e0wzhzya.png\" title=\"kmmedical.sk\" alt=\"kmmedical.sk\" loading=\"lazy\" \/>\t\t\t\t\t\t\t\t\t\t\t\t\t\t\t<\/div>\n\t\t\t\t<div class=\"elementor-element elementor-element-dbb12a9 elementor-widget elementor-widget-text-editor\" data-id=\"dbb12a9\" data-element_type=\"widget\" data-e-type=\"widget\" data-widget_type=\"text-editor.default\">\n\t\t\t\t\t\t\t\t\t<p>Kompletn\u00fd predaj, servis a distrib\u00facia produktov pre medic\u00ednsky, chirurgick\u00fd, laborat\u00f3rny a z\u00e1chran\u00e1rsky segment, servis a pln\u00e1 podpora, vr\u00e1tane tr\u00e9ningu, valid\u00e1cie a podpory predaja.<\/p>\t\t\t\t\t\t\t\t<\/div>\n\t\t\t\t<div class=\"elementor-element elementor-element-36570be km-link elementor-widget elementor-widget-text-editor\" data-id=\"36570be\" data-element_type=\"widget\" data-e-type=\"widget\" data-widget_type=\"text-editor.default\">\n\t\t\t\t\t\t\t\t\t<p><a href=\"https:\/\/www.kmmedical.sk\/\" target=\"_blank\" rel=\"noopener\">Prejs\u0165 na web \u2192<\/a><\/p>\t\t\t\t\t\t\t\t<\/div>\n\t\t\t\t<\/div>\n\t\t<div class=\"elementor-element elementor-element-4cad4a2 e-con-full km-card e-flex e-con e-child\" data-id=\"4cad4a2\" data-element_type=\"container\" data-e-type=\"container\" data-settings=\"{&quot;background_background&quot;:&quot;classic&quot;}\">\n\t\t\t\t<div class=\"elementor-element elementor-element-ca5da98 elementor-widget elementor-widget-image\" data-id=\"ca5da98\" data-element_type=\"widget\" data-e-type=\"widget\" data-widget_type=\"image.default\">\n\t\t\t\t\t\t\t\t\t\t\t\t\t\t\t<img decoding=\"async\" src=\"https:\/\/www.kmmedia.sk\/wp-content\/uploads\/elementor\/thumbs\/imedoo-distribution-r1erogs0h5yndmzk65blu6kpu473s24ntxl1utfj2a.png\" title=\"imedoo distribution\" alt=\"imedoo distribution\" loading=\"lazy\" \/>\t\t\t\t\t\t\t\t\t\t\t\t\t\t\t<\/div>\n\t\t\t\t<div class=\"elementor-element elementor-element-c69106b elementor-widget elementor-widget-text-editor\" data-id=\"c69106b\" data-element_type=\"widget\" data-e-type=\"widget\" data-widget_type=\"text-editor.default\">\n\t\t\t\t\t\t\t\t\t<p>Roz\u0161irujeme na\u0161e p\u00f4sobenie aj na \u010desk\u00fd trh, kde pon\u00fakame kompletn\u00fd predaj, technick\u00fd servis, podporu a distrib\u00faciu produktov pre medic\u00ednsky, chirurgick\u00fd, laborat\u00f3rny a z\u00e1chrann\u00fd sortiment.<\/p>\t\t\t\t\t\t\t\t<\/div>\n\t\t\t\t<div class=\"elementor-element elementor-element-d91a7bc km-link elementor-widget elementor-widget-text-editor\" data-id=\"d91a7bc\" data-element_type=\"widget\" data-e-type=\"widget\" data-widget_type=\"text-editor.default\">\n\t\t\t\t\t\t\t\t\t<p><a href=\"https:\/\/www.imedoo.cz\/\" target=\"_blank\" rel=\"noopener\">Prejs\u0165 na web \u2192<\/a><\/p>\t\t\t\t\t\t\t\t<\/div>\n\t\t\t\t<\/div>\n\t\t<div class=\"elementor-element elementor-element-0cbc1e0 e-con-full elementor-hidden-tablet elementor-hidden-mobile e-flex e-con e-child\" data-id=\"0cbc1e0\" data-element_type=\"container\" data-e-type=\"container\" data-settings=\"{&quot;background_background&quot;:&quot;classic&quot;}\">\n\t\t\t\t<\/div>\n\t\t\t\t<\/div>\n\t\t<div class=\"elementor-element elementor-element-d6e6178 e-con-full e-flex e-con e-child\" data-id=\"d6e6178\" data-element_type=\"container\" data-e-type=\"container\">\n\t\t<div class=\"elementor-element elementor-element-53d33f2 e-con-full km-card e-flex e-con e-child\" data-id=\"53d33f2\" data-element_type=\"container\" data-e-type=\"container\" data-settings=\"{&quot;background_background&quot;:&quot;classic&quot;,&quot;animation&quot;:&quot;none&quot;}\">\n\t\t\t\t<div class=\"elementor-element elementor-element-ca2e62a elementor-widget elementor-widget-image\" data-id=\"ca2e62a\" data-element_type=\"widget\" data-e-type=\"widget\" data-widget_type=\"image.default\">\n\t\t\t\t\t\t\t\t\t\t\t\t\t\t\t<img decoding=\"async\" src=\"https:\/\/www.kmmedia.sk\/wp-content\/uploads\/elementor\/thumbs\/lowtem-rit5rwz301oo6v6l75laiwr202bmjmjxfy86v2d3sq.png\" title=\"lowtem\" alt=\"lowtem\" loading=\"lazy\" \/>\t\t\t\t\t\t\t\t\t\t\t\t\t\t\t<\/div>\n\t\t\t\t<div class=\"elementor-element elementor-element-2a3c80e elementor-widget elementor-widget-text-editor\" data-id=\"2a3c80e\" data-element_type=\"widget\" data-e-type=\"widget\" data-widget_type=\"text-editor.default\">\n\t\t\t\t\t\t\t\t\t<p>\u0160pecializujeme sa na distrib\u00faciu n\u00edzkoteplotn\u00fdch plazmov\u00fdch steriliz\u00e1torov pre ambulancie, laborat\u00f3ri\u00e1, veterin\u00e1rne a zubn\u00e9 kliniky na slovenskom trhu.<\/p>\t\t\t\t\t\t\t\t<\/div>\n\t\t\t\t<div class=\"elementor-element elementor-element-62715e0 km-link elementor-widget elementor-widget-text-editor\" data-id=\"62715e0\" data-element_type=\"widget\" data-e-type=\"widget\" data-widget_type=\"text-editor.default\">\n\t\t\t\t\t\t\t\t\t<p><a href=\"https:\/\/www.lowtem.sk\/\" target=\"_blank\" rel=\"noopener\">Prejs\u0165 na web \u2192<\/a><\/p>\t\t\t\t\t\t\t\t<\/div>\n\t\t\t\t<\/div>\n\t\t<div class=\"elementor-element elementor-element-9aa3a5f e-con-full km-card e-flex e-con e-child\" data-id=\"9aa3a5f\" data-element_type=\"container\" data-e-type=\"container\" data-settings=\"{&quot;background_background&quot;:&quot;classic&quot;,&quot;animation&quot;:&quot;none&quot;}\">\n\t\t\t\t<div class=\"elementor-element elementor-element-ecffab7 elementor-widget elementor-widget-image\" data-id=\"ecffab7\" data-element_type=\"widget\" data-e-type=\"widget\" data-widget_type=\"image.default\">\n\t\t\t\t\t\t\t\t\t\t\t\t\t\t\t<img decoding=\"async\" src=\"https:\/\/www.kmmedia.sk\/wp-content\/uploads\/elementor\/thumbs\/lowtem-rit5rwz301oo6v6l75laiwr202bmjmjxfy86v2d3sq.png\" title=\"lowtem\" alt=\"lowtem\" loading=\"lazy\" \/>\t\t\t\t\t\t\t\t\t\t\t\t\t\t\t<\/div>\n\t\t\t\t<div class=\"elementor-element elementor-element-048cb78 elementor-widget elementor-widget-text-editor\" data-id=\"048cb78\" data-element_type=\"widget\" data-e-type=\"widget\" data-widget_type=\"text-editor.default\">\n\t\t\t\t\t\t\t\t\t<p>Na rovnak\u00e9 rie\u0161enia nadv\u00e4zujeme aj v \u010ceskej republike, kde zabezpe\u010dujeme distrib\u00faciu n\u00edzkoteplotn\u00fdch plazmov\u00fdch steriliz\u00e1torov pre r\u00f4zne zdravotn\u00edcke zariadenia.<\/p>\t\t\t\t\t\t\t\t<\/div>\n\t\t\t\t<div class=\"elementor-element elementor-element-b57418c km-link elementor-widget elementor-widget-text-editor\" data-id=\"b57418c\" data-element_type=\"widget\" data-e-type=\"widget\" data-widget_type=\"text-editor.default\">\n\t\t\t\t\t\t\t\t\t<p><a href=\"https:\/\/www.lowtem.cz\/\" target=\"_blank\" rel=\"noopener\">Prejs\u0165 na web \u2192<\/a><\/p>\t\t\t\t\t\t\t\t<\/div>\n\t\t\t\t<\/div>\n\t\t<div class=\"elementor-element elementor-element-faf2e54 e-con-full elementor-hidden-tablet elementor-hidden-mobile e-flex e-con e-child\" data-id=\"faf2e54\" data-element_type=\"container\" data-e-type=\"container\" data-settings=\"{&quot;background_background&quot;:&quot;classic&quot;}\">\n\t\t\t\t<\/div>\n\t\t\t\t<\/div>\n\t\t<div class=\"elementor-element elementor-element-b42b3d4 e-con-full e-flex e-con e-child\" data-id=\"b42b3d4\" data-element_type=\"container\" data-e-type=\"container\">\n\t\t\t\t<div class=\"elementor-element elementor-element-dd1df51 elementor-icon-list--layout-traditional elementor-list-item-link-full_width elementor-widget elementor-widget-icon-list\" data-id=\"dd1df51\" data-element_type=\"widget\" data-e-type=\"widget\" data-widget_type=\"icon-list.default\">\n\t\t\t\t\t\t\t<ul class=\"elementor-icon-list-items\">\n\t\t\t\t\t\t\t<li class=\"elementor-icon-list-item\">\n\t\t\t\t\t\t\t\t\t\t\t<span class=\"elementor-icon-list-icon\">\n\t\t\t\t\t\t\t<svg aria-hidden=\"true\" class=\"e-font-icon-svg e-fas-dot-circle\" viewBox=\"0 0 512 512\" xmlns=\"http:\/\/www.w3.org\/2000\/svg\"><path d=\"M256 8C119.033 8 8 119.033 8 256s111.033 248 248 248 248-111.033 248-248S392.967 8 256 8zm80 248c0 44.112-35.888 80-80 80s-80-35.888-80-80 35.888-80 80-80 80 35.888 80 80z\"><\/path><\/svg>\t\t\t\t\t\t<\/span>\n\t\t\t\t\t\t\t\t\t\t<span class=\"elementor-icon-list-text\">Military div\u00edzia<\/span>\n\t\t\t\t\t\t\t\t\t<\/li>\n\t\t\t\t\t\t<\/ul>\n\t\t\t\t\t\t<\/div>\n\t\t<div class=\"elementor-element elementor-element-15944b2 e-con-full e-flex e-con e-child\" data-id=\"15944b2\" data-element_type=\"container\" data-e-type=\"container\">\n\t\t<div class=\"elementor-element elementor-element-b498522 e-con-full km-card e-flex e-con e-child\" data-id=\"b498522\" data-element_type=\"container\" data-e-type=\"container\" data-settings=\"{&quot;background_background&quot;:&quot;classic&quot;,&quot;animation&quot;:&quot;none&quot;}\">\n\t\t\t\t<div class=\"elementor-element elementor-element-cfedbc5 elementor-widget elementor-widget-image\" data-id=\"cfedbc5\" data-element_type=\"widget\" data-e-type=\"widget\" data-widget_type=\"image.default\">\n\t\t\t\t\t\t\t\t\t\t\t\t\t\t\t<img decoding=\"async\" src=\"https:\/\/www.kmmedia.sk\/wp-content\/uploads\/elementor\/thumbs\/pyrdex.com_-qm2mgzgavfljry3xqzaci6778sdm456vgc9k9u9ef6.png\" title=\"pyrdex.com\" alt=\"pyrdex.com\" loading=\"lazy\" \/>\t\t\t\t\t\t\t\t\t\t\t\t\t\t\t<\/div>\n\t\t\t\t<div class=\"elementor-element elementor-element-2ac05a2 elementor-widget elementor-widget-text-editor\" data-id=\"2ac05a2\" data-element_type=\"widget\" data-e-type=\"widget\" data-widget_type=\"text-editor.default\">\n\t\t\t\t\t\t\t\t\t<p class=\"uagb-ifb-desc\">Poskytujeme rie\u0161enia na zv\u00fd\u0161enie bezpe\u010dnosti \u2013 \u0161pecializujeme sa na distrib\u00faciu \u0161pi\u010dkov\u00e9ho vojensk\u00e9ho vybavenia. Spolupracujeme s celosvetovo uzn\u00e1van\u00fdmi v\u00fdrobcami a dod\u00e1vame \u0161pi\u010dkov\u00e9 v\u00fdrobky.<\/p>\t\t\t\t\t\t\t\t<\/div>\n\t\t\t\t<div class=\"elementor-element elementor-element-1e258a9 km-link elementor-widget elementor-widget-text-editor\" data-id=\"1e258a9\" data-element_type=\"widget\" data-e-type=\"widget\" data-widget_type=\"text-editor.default\">\n\t\t\t\t\t\t\t\t\t<p><a href=\"https:\/\/pyrdex.com\/\" target=\"_blank\" rel=\"noopener\">Prejs\u0165 na web \u2192<\/a><\/p>\t\t\t\t\t\t\t\t<\/div>\n\t\t\t\t<\/div>\n\t\t<div class=\"elementor-element elementor-element-4782ff6 e-con-full elementor-hidden-tablet elementor-hidden-mobile e-flex e-con e-child\" data-id=\"4782ff6\" data-element_type=\"container\" data-e-type=\"container\" data-settings=\"{&quot;background_background&quot;:&quot;classic&quot;}\">\n\t\t\t\t<\/div>\n\t\t<div class=\"elementor-element elementor-element-65f1a68 e-con-full elementor-hidden-tablet elementor-hidden-mobile e-flex e-con e-child\" data-id=\"65f1a68\" data-element_type=\"container\" data-e-type=\"container\" data-settings=\"{&quot;background_background&quot;:&quot;classic&quot;}\">\n\t\t\t\t<\/div>\n\t\t\t\t<\/div>\n\t\t\t\t<\/div>\n\t\t\t\t\t<\/div>\n\t\t\t\t<\/div>\n\t\t\t\t<\/div>\n\t\t","protected":false},"excerpt":{"rendered":"<p>Na\u0161e spolo\u010dnosti 2009 \u2022 4 zna\u010dky \u2022 3 trhy \u2022 zdravotn\u00edctvo &amp; bezpe\u010dnos\u0165 Pon\u00fakame v\u0161estrann\u00fd sortiment produktov pre profesion\u00e1lne a [&hellip;]<\/p>\n","protected":false},"author":1,"featured_media":0,"parent":0,"menu_order":0,"comment_status":"closed","ping_status":"closed","template":"","meta":{"_uag_custom_page_level_css":"","site-sidebar-layout":"no-sidebar","site-content-layout":"","ast-site-content-layout":"full-width-container","site-content-style":"default","site-sidebar-style":"default","ast-global-header-display":"","ast-banner-title-visibility":"","ast-main-header-display":"","ast-hfb-above-header-display":"","ast-hfb-below-header-display":"","ast-hfb-mobile-header-display":"","site-post-title":"disabled","ast-breadcrumbs-content":"","ast-featured-img":"disabled","footer-sml-layout":"","theme-transparent-header-meta":"","adv-header-id-meta":"","stick-header-meta":"","header-above-stick-meta":"","header-main-stick-meta":"","header-below-stick-meta":"","astra-migrate-meta-layouts":"default","ast-page-background-enabled":"default","ast-page-background-meta":{"desktop":{"background-color":"var(--ast-global-color-4)","background-image":"","background-repeat":"repeat","background-position":"center center","background-size":"auto","background-attachment":"scroll","background-type":"","background-media":"","overlay-type":"","overlay-color":"","overlay-gradient":""},"tablet":{"background-color":"","background-image":"","background-repeat":"repeat","background-position":"center center","background-size":"auto","background-attachment":"scroll","background-type":"","background-media":"","overlay-type":"","overlay-color":"","overlay-gradient":""},"mobile":{"background-color":"","background-image":"","background-repeat":"repeat","background-position":"center center","background-size":"auto","background-attachment":"scroll","background-type":"","background-media":"","overlay-type":"","overlay-color":"","overlay-gradient":""}},"ast-content-background-meta":{"desktop":{"background-color":"var(--ast-global-color-5)","background-image":"","background-repeat":"repeat","background-position":"center center","background-size":"auto","background-attachment":"scroll","background-type":"","background-media":"","overlay-type":"","overlay-color":"","overlay-gradient":""},"tablet":{"background-color":"var(--ast-global-color-5)","background-image":"","background-repeat":"repeat","background-position":"center center","background-size":"auto","background-attachment":"scroll","background-type":"","background-media":"","overlay-type":"","overlay-color":"","overlay-gradient":""},"mobile":{"background-color":"var(--ast-global-color-5)","background-image":"","background-repeat":"repeat","background-position":"center center","background-size":"auto","background-attachment":"scroll","background-type":"","background-media":"","overlay-type":"","overlay-color":"","overlay-gradient":""}},"footnotes":""},"class_list":["post-329","page","type-page","status-publish","hentry"],"uagb_featured_image_src":{"full":false,"thumbnail":false,"medium":false,"medium_large":false,"large":false,"1536x1536":false,"2048x2048":false},"uagb_author_info":{"display_name":"Klara","author_link":"https:\/\/www.kmmedia.sk\/index.php\/author\/klara\/"},"uagb_comment_info":0,"uagb_excerpt":"Na\u0161e spolo\u010dnosti 2009 \u2022 4 zna\u010dky \u2022 3 trhy \u2022 zdravotn\u00edctvo &amp; bezpe\u010dnos\u0165 Pon\u00fakame v\u0161estrann\u00fd sortiment produktov pre profesion\u00e1lne a [&hellip;]","_links":{"self":[{"href":"https:\/\/www.kmmedia.sk\/index.php\/wp-json\/wp\/v2\/pages\/329","targetHints":{"allow":["GET"]}}],"collection":[{"href":"https:\/\/www.kmmedia.sk\/index.php\/wp-json\/wp\/v2\/pages"}],"about":[{"href":"https:\/\/www.kmmedia.sk\/index.php\/wp-json\/wp\/v2\/types\/page"}],"author":[{"embeddable":true,"href":"https:\/\/www.kmmedia.sk\/index.php\/wp-json\/wp\/v2\/users\/1"}],"replies":[{"embeddable":true,"href":"https:\/\/www.kmmedia.sk\/index.php\/wp-json\/wp\/v2\/comments?post=329"}],"version-history":[{"count":116,"href":"https:\/\/www.kmmedia.sk\/index.php\/wp-json\/wp\/v2\/pages\/329\/revisions"}],"predecessor-version":[{"id":466,"href":"https:\/\/www.kmmedia.sk\/index.php\/wp-json\/wp\/v2\/pages\/329\/revisions\/466"}],"wp:attachment":[{"href":"https:\/\/www.kmmedia.sk\/index.php\/wp-json\/wp\/v2\/media?parent=329"}],"curies":[{"name":"wp","href":"https:\/\/api.w.org\/{rel}","templated":true}]}}